{"id":44,"date":"2025-11-03T11:31:51","date_gmt":"2025-11-03T11:31:51","guid":{"rendered":"http:\/\/localhost\/mywordpress\/?page_id=44"},"modified":"2025-11-09T11:32:49","modified_gmt":"2025-11-09T11:32:49","slug":"discography","status":"publish","type":"page","link":"https:\/\/sapesskanas.lv\/?page_id=44","title":{"rendered":"Discography"},"content":{"rendered":"\n<h5 class=\"wp-block-heading has-text-align-center has-palette-color-7-color has-text-color has-link-color wp-elements-bc5c693e785433587ee5c3a765a4a3fc\"><strong>CHRONOLOGICAL DISCOGRAPHY<\/strong><\/h5>\n\n\n\n<div class=\"wp-block-columns is-layout-flex wp-container-core-columns-is-layout-28f84493 wp-block-columns-is-layout-flex\">\n<div class=\"wp-block-column is-layout-flow wp-block-column-is-layout-flow\">\n<div class=\"wp-block-columns is-layout-flex wp-container-core-columns-is-layout-28f84493 wp-block-columns-is-layout-flex\">\n<div class=\"wp-block-column is-layout-flow wp-block-column-is-layout-flow\">\n<h5 class=\"wp-block-heading has-palette-color-6-color has-text-color has-link-color wp-elements-607d021131048559695a5f88ea490b27\"><strong>2019<\/strong><\/h5>\n\n\n\n<p><a href=\"https:\/\/velnezers.bandcamp.com\/\" target=\"_blank\" rel=\"noreferrer noopener\"><strong>Velnezers<\/strong><\/a>&nbsp;&#8211; Es uzc\u0113lu durvis t\u012brum\u0101<br><a href=\"https:\/\/velnezers.bandcamp.com\/\" target=\"_blank\" rel=\"noreferrer noopener\"><strong>Velnezers<\/strong><\/a>&nbsp;&#8211; Dr\u012bz m\u016bsu grav\u0101s atkal z\u0101le d\u012bgs<\/p>\n\n\n\n<h5 class=\"wp-block-heading has-palette-color-6-color has-text-color has-link-color wp-elements-db12f0ff4ae96403df8b418f7d6aa70a\"><strong>2020<\/strong> <strong>&amp; 2021<\/strong><\/h5>\n\n\n\n<p><a href=\"https:\/\/stabs1.bandcamp.com\/\" target=\"_blank\" rel=\"noreferrer noopener\"><strong>STABS<\/strong><\/a>\u00a0&#8211; Zemesskr\u0101pji<br><a href=\"https:\/\/svete.bandcamp.com\/\" target=\"_blank\" rel=\"noreferrer noopener\"><strong>Sv\u0113te<\/strong><\/a>\u00a0&#8211; B\u0113gonis un pavadonis, pils\u0113tas pame\u0161anas st\u0101sts<\/p>\n\n\n\n<h5 class=\"wp-block-heading has-palette-color-6-color has-text-color has-link-color wp-elements-0e60a48dbfc831920a7a40a5c1e259b4\"><strong>2022<\/strong><\/h5>\n\n\n\n<p style=\"padding-top:0;padding-right:0;padding-bottom:0;padding-left:0\"><a href=\"https:\/\/cilveksmuizha.bandcamp.com\/\" target=\"_blank\" rel=\"noreferrer noopener\"><strong>C. Mui\u017ea<\/strong><\/a>&nbsp;&#8211; Asums un Dzi\u013cums<br><a href=\"https:\/\/cilveksmuizha.bandcamp.com\/\" target=\"_blank\" rel=\"noreferrer noopener\"><strong>C. Mui\u017ea<\/strong><\/a>&nbsp;&#8211; Fant\u0101zija par pliku sabiedr\u012bbu<br><a href=\"https:\/\/uguguggugg.bandcamp.com\/\" target=\"_blank\" rel=\"noreferrer noopener\"><strong>UG UG UGG UGG<\/strong><\/a>&nbsp;&#8211; P\u016b\u0137is istab\u0101<br><a href=\"https:\/\/svete.bandcamp.com\/\" target=\"_blank\" rel=\"noreferrer noopener\"><strong>Sv\u0113te<\/strong><\/a>&nbsp;&#8211; Divas Gaismas<br><a href=\"https:\/\/aleksandrsbarons.bandcamp.com\/album\/t-ra-paties-ba\" target=\"_blank\" rel=\"noreferrer noopener\"><strong>Aleksandrs Barons<\/strong><\/a>&nbsp;&#8211; T\u012bra paties\u012bba<br><a href=\"https:\/\/uguguggugg.bandcamp.com\/\" target=\"_blank\" rel=\"noreferrer noopener\"><strong>UG UG UGG UGG<\/strong><\/a>&nbsp;&#8211; Pusm\u016b\u017ea kr\u012bze, kas ilgst pusi m\u016b\u017ea<br><a href=\"https:\/\/cilveksmuizha.bandcamp.com\/\" target=\"_blank\" rel=\"noreferrer noopener\"><strong>C. Mui\u017ea<\/strong><\/a>&nbsp;&#8211; Pasaule \u0161aust, nokaut visus<br><a href=\"https:\/\/svetie.bandcamp.com\/\" target=\"_blank\" rel=\"noreferrer noopener\"><strong>Sv. B\u0113rtu\u013ca Nakts<\/strong><\/a>&nbsp;&#8211; Meli Maldi M\u0101\u0146i<br><a href=\"https:\/\/www.youtube.com\/channel\/UCiGiLNoUPM6M-mpZMXKaTPw\" target=\"_blank\" rel=\"noreferrer noopener\"><strong>Konors Migla<\/strong><\/a>&nbsp;&#8211; Ce\u013c\u0161 uz nekurieni<br><a href=\"https:\/\/ritunsiic.bandcamp.com\/album\/kad-liel-kais-akars-ir-aizdz-t-maz-s-vard-tes-no-p-v-ja-takas\" target=\"_blank\" rel=\"noreferrer noopener\"><strong>ritunsiic<\/strong><\/a>&nbsp;&#8211; Kad liel\u0101kais \u010dakars ir aizdz\u012bt maz\u0101s vard\u012btes no p\u013c\u0101v\u0113ja takas<br><a href=\"https:\/\/cilveksmuizha.bandcamp.com\/album\/cistercie-u-orde-a-abati-sludina\" target=\"_blank\" rel=\"noreferrer noopener\"><strong>C. Mui\u017ea<\/strong><\/a>&nbsp;&#8211; Cistercie\u0161u orde\u0146a abati sludina<br><a href=\"https:\/\/grabnegrab.bandcamp.com\/album\/svars\" target=\"_blank\" rel=\"noreferrer noopener\"><strong>Grab<\/strong>&nbsp;<\/a>&#8211; Svars<br><strong><a href=\"https:\/\/uguguggugg.bandcamp.com\/album\/kr-ze\" target=\"_blank\" rel=\"noreferrer noopener\">UG UG UGG UGG<\/a>&nbsp;<\/strong>&#8211; Kr\u012bze<\/p>\n\n\n\n<h5 class=\"wp-block-heading has-palette-color-6-color has-text-color has-link-color wp-elements-ee3d48d15e5293bf85cc34a8c9512ff3\"><strong>2023<\/strong><\/h5>\n\n\n\n<p><strong><a href=\"https:\/\/zieminieki.bandcamp.com\/music\" target=\"_blank\" rel=\"noreferrer noopener\">Zieminieki<\/a>&nbsp;<\/strong>&#8211; Nehte<br><a href=\"https:\/\/spaare.bandcamp.com\/album\/pu-dziesmas-nomodam-lullabies-keep-us-awake\" target=\"_blank\" rel=\"noreferrer noopener\"><strong>Sp\u0101re&nbsp;<\/strong><\/a>&#8211; \u0160\u016bpu\u013cdziesmas nomodam<br><a href=\"https:\/\/muzamess.blogspot.com\/\" target=\"_blank\" rel=\"noreferrer noopener\"><strong>M\u016b\u017eame\u017es<\/strong><\/a>&nbsp;&#8211; &#8230;dz\u012bvel\u012bgs&#8230;<br><a href=\"https:\/\/uguguggugg.bandcamp.com\/album\/igrek\" target=\"_blank\" rel=\"noreferrer noopener\"><strong>ritunsiic &amp; UG UG UGG UGG<\/strong><\/a>&nbsp;&#8211; Igrek<br><a href=\"https:\/\/svete.bandcamp.com\/album\/niedr-j\" target=\"_blank\" rel=\"noreferrer noopener\"><strong>Sv\u0113te<\/strong><\/a>&nbsp;&#8211; Niedr\u0101j\u0101<\/p>\n\n\n\n<h5 class=\"wp-block-heading has-palette-color-6-color has-text-color has-link-color wp-elements-0e5c7a61bff7c6d76e48bd03401306ec\"><strong>2024<\/strong><\/h5>\n\n\n\n<p><a href=\"https:\/\/stabs1.bandcamp.com\/album\/sadursme\" target=\"_blank\" rel=\"noreferrer noopener\"><strong>STABS&nbsp;<\/strong><\/a>&#8211; Sadursme<br><strong>Kobruv\u012brs <\/strong>&#8211; Budas piens (Neizdotie gabali 2004 &#8211; 2007)<br>Paral\u0113l\u0101s Norises, LMA keramikas noda\u013cas kursa darbs<br><a href=\"https:\/\/ritunsiic.bandcamp.com\/music\" target=\"_blank\" rel=\"noreferrer noopener\"><strong>ritunsiic<\/strong>&nbsp;<\/a>&#8211; Liepu lapu laipa<\/p>\n\n\n\n<h5 class=\"wp-block-heading has-palette-color-6-color has-text-color has-link-color wp-elements-bb6d1a6037344e80dd508ed8fe5c6655\"><strong>2025<\/strong><\/h5>\n\n\n\n<p><a href=\"https:\/\/spaare.bandcamp.com\/album\/pu-dziesmas-nomodam-lullabies-keep-us-awake\" target=\"_blank\" rel=\"noreferrer noopener\"><strong>Sp\u0101re<\/strong>&nbsp;<\/a>&#8211; \u0160\u016bpu\u013cdziesmas nomodam<br><a href=\"https:\/\/muzamess.blogspot.com\/\" target=\"_blank\" rel=\"noreferrer noopener\"><strong>M\u016b\u017eame\u017es&nbsp;<\/strong><\/a>&#8211; &#8230;dz\u012bvel\u012bgs&#8230;<br><a href=\"https:\/\/internalmasonry.com\/\" target=\"_blank\" rel=\"noreferrer noopener\"><strong>Wold<\/strong>&nbsp;<\/a>&#8211; Church Music<br><a href=\"https:\/\/kristiana-karklina.bandcamp.com\/album\/tissue-museum\" target=\"_blank\" rel=\"noreferrer noopener\"><strong>Kristi\u0101na K\u0101rkli\u0146a<\/strong><\/a>&nbsp;&#8211; Tissue Museum<br><a href=\"https:\/\/eleonorakampe.bandcamp.com\/\" target=\"_blank\" rel=\"noreferrer noopener\"><strong>Eleonora Kampe<\/strong><\/a>&nbsp;&#8211; Balss un rezonanse<\/p>\n<\/div>\n\n\n\n<div class=\"wp-block-column is-layout-flow wp-block-column-is-layout-flow\">\n<h5 class=\"wp-block-heading has-palette-color-6-color has-text-color has-link-color wp-elements-75e63c4ab5f5703ee58675d3141d509c\"><strong>\u200e<\/strong><\/h5>\n\n\n\n<p>CD, 25 copies<br>CD, 25 copies<\/p>\n\n\n\n<h5 class=\"wp-block-heading has-palette-color-6-color has-text-color has-link-color wp-elements-ccd23f133e2333e61dec895fd3459ea1\">\u200e<\/h5>\n\n\n\n<p>Cassette, 25 copies, first SPSK tape release<br>Cassette, 10 copies, includes personalized text<\/p>\n\n\n\n<h5 class=\"wp-block-heading has-palette-color-6-color has-text-color has-link-color wp-elements-75e63c4ab5f5703ee58675d3141d509c\"><strong>\u200e<\/strong><\/h5>\n\n\n\n<p style=\"padding-top:0;padding-right:0;padding-bottom:0;padding-left:0\">Cassette, 10 copies, demo<br>Cassette, 10 copies, first full length<br>Cassette, 10 copies, first full length<br>Cassette, 10 copies<br>Cassette, 50 copies, lyric book included<br>Cassette, 10 copies<br>Cassette, 10 copies<br>Cassette, 25 copies, remaster<br>Cassette, 35 copies, compilation<br>Cassette, 50 copies, first full length &#8212;&#8212;&#8212;&#8212;&#8212;&#8212;&#8212;&#8212;&#8212;&#8212;&#8212;&#8212;&#8212;&#8212;&#8212;&#8211;\u200e\u200e\u200e&#8212;&#8212;&#8212;&#8212;&#8212;&#8212;&#8212;&#8212;&#8212;&#8211;<br>Cassette, 10 copies<br>Cassette, 100 copies, first full length<br>Cassette, 40 copies, includes photo<\/p>\n\n\n\n<h5 class=\"wp-block-heading has-palette-color-6-color has-text-color has-link-color wp-elements-75e63c4ab5f5703ee58675d3141d509c\"><strong>\u200e<\/strong><\/h5>\n\n\n\n<p>Cassette, 25 copies, recorded throughout 2000 &#8211; 2003<br>Cassette, 40 copies, gnome case<br>Cassette, 20 copies<br>Cassette, 40 copies, chrome tape<br>Cassette, 30 copies<\/p>\n\n\n\n<h5 class=\"wp-block-heading has-palette-color-6-color has-text-color has-link-color wp-elements-75e63c4ab5f5703ee58675d3141d509c\"><strong>\u200e<\/strong><\/h5>\n\n\n\n<p>Cassette, 100 copies<br>Cassette, 30 copies, compilation<br>Cassette, 2 copies, decorated ceramic case<br>Cassette, 50 copies, bright orange case<\/p>\n\n\n\n<h5 class=\"wp-block-heading has-palette-color-6-color has-text-color has-link-color wp-elements-75e63c4ab5f5703ee58675d3141d509c\"><strong>\u200e<\/strong><\/h5>\n\n\n\n<p>Cassette, 40 copies, re-issue, gnome case\u200b<br>Cassette, 20 copies, re-issue<br>Cassette, 80 copies, compilation<br>Cassette, 30 copies<br>Cassette, 35 copies<\/p>\n<\/div>\n<\/div>\n<\/div>\n<\/div>\n","protected":false},"excerpt":{"rendered":"<p>CHRONOLOGICAL DISCOGRAPHY 2019 Velnezers&nbsp;&#8211; Es uzc\u0113lu durvis t\u012brum\u0101Velnezers&nbsp;&#8211; Dr\u012bz m\u016bsu grav\u0101s atkal z\u0101le d\u012bgs 2020 &amp; 2021 STABS\u00a0&#8211; Zemesskr\u0101pjiSv\u0113te\u00a0&#8211; B\u0113gonis un pavadonis, pils\u0113tas pame\u0161anas st\u0101sts 2022 C. Mui\u017ea&nbsp;&#8211; Asums un Dzi\u013cumsC. Mui\u017ea&nbsp;&#8211; Fant\u0101zija par pliku sabiedr\u012bbuUG UG UGG UGG&nbsp;&#8211; P\u016b\u0137is istab\u0101Sv\u0113te&nbsp;&#8211; Divas GaismasAleksandrs Barons&nbsp;&#8211; T\u012bra paties\u012bbaUG UG UGG UGG&nbsp;&#8211; Pusm\u016b\u017ea kr\u012bze, kas ilgst pusi m\u016b\u017eaC. [&hellip;]<\/p>\n","protected":false},"author":1,"featured_media":0,"parent":0,"menu_order":0,"comment_status":"closed","ping_status":"closed","template":"","meta":{"footnotes":""},"class_list":["post-44","page","type-page","status-publish","hentry"],"blocksy_meta":{"disable_header":"no","has_hero_section":"default","styles_descriptor":{"styles":{"desktop":"","tablet":"","mobile":""},"google_fonts":[],"version":6},"page_structure_type":"default","disable_share_box":"yes"},"jetpack_sharing_enabled":true,"_links":{"self":[{"href":"https:\/\/sapesskanas.lv\/index.php?rest_route=\/wp\/v2\/pages\/44","targetHints":{"allow":["GET"]}}],"collection":[{"href":"https:\/\/sapesskanas.lv\/index.php?rest_route=\/wp\/v2\/pages"}],"about":[{"href":"https:\/\/sapesskanas.lv\/index.php?rest_route=\/wp\/v2\/types\/page"}],"author":[{"embeddable":true,"href":"https:\/\/sapesskanas.lv\/index.php?rest_route=\/wp\/v2\/users\/1"}],"replies":[{"embeddable":true,"href":"https:\/\/sapesskanas.lv\/index.php?rest_route=%2Fwp%2Fv2%2Fcomments&post=44"}],"version-history":[{"count":18,"href":"https:\/\/sapesskanas.lv\/index.php?rest_route=\/wp\/v2\/pages\/44\/revisions"}],"predecessor-version":[{"id":144,"href":"https:\/\/sapesskanas.lv\/index.php?rest_route=\/wp\/v2\/pages\/44\/revisions\/144"}],"wp:attachment":[{"href":"https:\/\/sapesskanas.lv\/index.php?rest_route=%2Fwp%2Fv2%2Fmedia&parent=44"}],"curies":[{"name":"wp","href":"https:\/\/api.w.org\/{rel}","templated":true}]}}